{"id":1408,"date":"2021-03-26T11:51:35","date_gmt":"2021-03-26T10:51:35","guid":{"rendered":"https:\/\/www.energetix.tv\/?page_id=1408"},"modified":"2021-03-26T11:53:17","modified_gmt":"2021-03-26T10:53:17","slug":"basarili-olun","status":"publish","type":"page","link":"https:\/\/www.energetix.tv\/tr\/danisman-olun\/basarili-olun\/","title":{"rendered":"Ba\u015far\u0131l\u0131 olun"},"content":{"rendered":"","protected":false},"excerpt":{"rendered":"","protected":false},"author":2,"featured_media":0,"parent":1403,"menu_order":1,"comment_status":"closed","ping_status":"closed","template":"","meta":{"footnotes":""},"class_list":["post-1408","page","type-page","status-publish","hentry"],"acf":[],"_links":{"self":[{"href":"https:\/\/www.energetix.tv\/tr\/wp-json\/wp\/v2\/pages\/1408","targetHints":{"allow":["GET"]}}],"collection":[{"href":"https:\/\/www.energetix.tv\/tr\/wp-json\/wp\/v2\/pages"}],"about":[{"href":"https:\/\/www.energetix.tv\/tr\/wp-json\/wp\/v2\/types\/page"}],"author":[{"embeddable":true,"href":"https:\/\/www.energetix.tv\/tr\/wp-json\/wp\/v2\/users\/2"}],"replies":[{"embeddable":true,"href":"https:\/\/www.energetix.tv\/tr\/wp-json\/wp\/v2\/comments?post=1408"}],"version-history":[{"count":0,"href":"https:\/\/www.energetix.tv\/tr\/wp-json\/wp\/v2\/pages\/1408\/revisions"}],"up":[{"embeddable":true,"href":"https:\/\/www.energetix.tv\/tr\/wp-json\/wp\/v2\/pages\/1403"}],"wp:attachment":[{"href":"https:\/\/www.energetix.tv\/tr\/wp-json\/wp\/v2\/media?parent=1408"}],"curies":[{"name":"wp","href":"https:\/\/api.w.org\/{rel}","templated":true}]}}