{"id":1414,"date":"2021-03-26T11:54:41","date_gmt":"2021-03-26T10:54:41","guid":{"rendered":"https:\/\/www.energetix.tv\/?page_id=1414"},"modified":"2025-10-30T11:58:47","modified_gmt":"2025-10-30T10:58:47","slug":"danismanlarimiz-ne-diyor","status":"publish","type":"page","link":"https:\/\/www.energetix.tv\/tr\/danisman-olun\/danismanlarimiz-ne-diyor\/","title":{"rendered":"Dan\u0131\u015fmanlar\u0131m\u0131z ne diyor?"},"content":{"rendered":"","protected":false},"excerpt":{"rendered":"","protected":false},"author":2,"featured_media":0,"parent":1403,"menu_order":3,"comment_status":"closed","ping_status":"closed","template":"","meta":{"footnotes":""},"class_list":["post-1414","page","type-page","status-publish","hentry"],"acf":[],"_links":{"self":[{"href":"https:\/\/www.energetix.tv\/tr\/wp-json\/wp\/v2\/pages\/1414","targetHints":{"allow":["GET"]}}],"collection":[{"href":"https:\/\/www.energetix.tv\/tr\/wp-json\/wp\/v2\/pages"}],"about":[{"href":"https:\/\/www.energetix.tv\/tr\/wp-json\/wp\/v2\/types\/page"}],"author":[{"embeddable":true,"href":"https:\/\/www.energetix.tv\/tr\/wp-json\/wp\/v2\/users\/2"}],"replies":[{"embeddable":true,"href":"https:\/\/www.energetix.tv\/tr\/wp-json\/wp\/v2\/comments?post=1414"}],"version-history":[{"count":2,"href":"https:\/\/www.energetix.tv\/tr\/wp-json\/wp\/v2\/pages\/1414\/revisions"}],"predecessor-version":[{"id":2474,"href":"https:\/\/www.energetix.tv\/tr\/wp-json\/wp\/v2\/pages\/1414\/revisions\/2474"}],"up":[{"embeddable":true,"href":"https:\/\/www.energetix.tv\/tr\/wp-json\/wp\/v2\/pages\/1403"}],"wp:attachment":[{"href":"https:\/\/www.energetix.tv\/tr\/wp-json\/wp\/v2\/media?parent=1414"}],"curies":[{"name":"wp","href":"https:\/\/api.w.org\/{rel}","templated":true}]}}